{"id":2613,"date":"2024-05-21T17:26:18","date_gmt":"2024-05-21T15:26:18","guid":{"rendered":"https:\/\/www.aam.ch\/?page_id=2613"},"modified":"2024-05-23T15:06:38","modified_gmt":"2024-05-23T13:06:38","slug":"a-propos-de-nous","status":"publish","type":"page","link":"http:\/\/www.aam.ch\/fr\/","title":{"rendered":"A propos de nous"},"content":{"rendered":"<div class=\"wpb-content-wrapper\"><p>[vc_row unlock_row_content=\u00a0\u00bbyes\u00a0\u00bb row_height_percent=\u00a0\u00bb0&Prime; back_image=\u00a0\u00bb47&Prime; back_repeat=\u00a0\u00bbno-repeat\u00a0\u00bb overlay_alpha=\u00a0\u00bb50&Prime; gutter_size=\u00a0\u00bb3&Prime; column_width_percent=\u00a0\u00bb100&Prime; shift_y=\u00a0\u00bb0&Prime; z_index=\u00a0\u00bb0&Prime;][vc_column column_width_percent=\u00a0\u00bb90&Prime; gutter_size=\u00a0\u00bb3&Prime; overlay_alpha=\u00a0\u00bb50&Prime; shift_x=\u00a0\u00bb0&Prime; shift_y=\u00a0\u00bb0&Prime; shift_y_down=\u00a0\u00bb0&Prime; z_index=\u00a0\u00bb0&Prime; medium_width=\u00a0\u00bb0&Prime; mobile_width=\u00a0\u00bb0&Prime; width=\u00a0\u00bb1\/1&Prime;][vc_empty_space empty_h=\u00a0\u00bb2&Prime;][vc_custom_heading text_color=\u00a0\u00bbcolor-xsdn\u00a0\u00bb heading_semantic=\u00a0\u00bbh1&Prime; text_size=\u00a0\u00bbh1&Prime;]Pragmatique,<br \/>\n\u00e0 l\u2019affut des opportunit\u00e9s,<br \/>\ntoujours \u00ab focus \u00bb<br \/>\net actif[\/vc_custom_heading][vc_single_image media=\u00a0\u00bb61&Prime; media_width_use_pixel=\u00a0\u00bbyes\u00a0\u00bb media_width_pixel=\u00a0\u00bb150&Prime;][vc_empty_space empty_h=\u00a0\u00bb3&Prime;][\/vc_column][\/vc_row][vc_row][vc_column][vc_empty_space empty_h=\u00a0\u00bb2&Prime;][vc_column_text uncode_shortcode_id=\u00a0\u00bb190075&Prime;]<\/p>\n<div class=\"page\" title=\"Page 1\">\n<div class=\"section\">\n<div class=\"layoutArea\">\n<div class=\"column\">\n<p><strong>Aquila Asset Management AG<\/strong> est un gestionnaire de fortune actif pour des strat\u00e9gies d&rsquo;investissement sp\u00e9cialis\u00e9es. Notre comp\u00e9tence principale r\u00e9side dans les placements obligataires, pour lesquels nous affichons des performances exceptionnelles. Depuis plus de 10 ans, nous fournissons des services et solutions \u00e0 des clients institutionnels, principalement gestionnaires ind\u00e9pendants et family offices ici en Suisse.<\/p>\n<p><strong>Le style d&rsquo;investissement est pragmatique et orient\u00e9 vers les opportunit\u00e9s.<\/strong> Notre analyse fondamentale nous permet d&rsquo;investir dans des placements \u00ab\u00a0relative value\u00a0\u00bb qui sont consid\u00e9r\u00e9s par le march\u00e9 comme plus risqu\u00e9s qu&rsquo;ils ne le sont en r\u00e9alit\u00e9. Nous sommes ainsi r\u00e9mun\u00e9r\u00e9s de mani\u00e8re ad\u00e9quate pour le risque encouru.<\/p>\n<p>Nous nous concentrons sur la r\u00e9alisation d&rsquo;excellentes performances \u00e0 long et moyen terme. Nous investissons nous-m\u00eames dans nos fonds, garantissant que les int\u00e9r\u00eats des investisseurs co\u00efncident avec les n\u00f4tres.<\/p>\n<\/div>\n<\/div>\n<\/div>\n<\/div>\n<p>[\/vc_column_text][vc_empty_space empty_h=\u00a0\u00bb2&Prime;][\/vc_column][\/vc_row]<\/p>\n<\/div>","protected":false},"excerpt":{"rendered":"<p>[vc_row unlock_row_content=\u00a0\u00bbyes\u00a0\u00bb row_height_percent=\u00a0\u00bb0&Prime; back_image=\u00a0\u00bb47&Prime; back_repeat=\u00a0\u00bbno-repeat\u00a0\u00bb overlay_alpha=\u00a0\u00bb50&Prime; gutter_size=\u00a0\u00bb3&Prime; column_width_percent=\u00a0\u00bb100&Prime; shift_y=\u00a0\u00bb0&Prime; z_index=\u00a0\u00bb0&Prime;][vc_column column_width_percent=\u00a0\u00bb90&Prime; gutter_size=\u00a0\u00bb3&Prime; overlay_alpha=\u00a0\u00bb50&Prime; shift_x=\u00a0\u00bb0&Prime; shift_y=\u00a0\u00bb0&Prime; shift_y_down=\u00a0\u00bb0&Prime; z_index=\u00a0\u00bb0&Prime; medium_width=\u00a0\u00bb0&Prime; mobile_width=\u00a0\u00bb0&Prime; width=\u00a0\u00bb1\/1&Prime;][vc_empty_space [&hellip;]<\/p>\n","protected":false},"author":1,"featured_media":0,"parent":0,"menu_order":0,"comment_status":"closed","ping_status":"closed","template":"","meta":{"footnotes":""},"_links":{"self":[{"href":"http:\/\/www.aam.ch\/fr\/wp-json\/wp\/v2\/pages\/2613"}],"collection":[{"href":"http:\/\/www.aam.ch\/fr\/wp-json\/wp\/v2\/pages"}],"about":[{"href":"http:\/\/www.aam.ch\/fr\/wp-json\/wp\/v2\/types\/page"}],"author":[{"embeddable":true,"href":"http:\/\/www.aam.ch\/fr\/wp-json\/wp\/v2\/users\/1"}],"replies":[{"embeddable":true,"href":"http:\/\/www.aam.ch\/fr\/wp-json\/wp\/v2\/comments?post=2613"}],"version-history":[{"count":4,"href":"http:\/\/www.aam.ch\/fr\/wp-json\/wp\/v2\/pages\/2613\/revisions"}],"predecessor-version":[{"id":2665,"href":"http:\/\/www.aam.ch\/fr\/wp-json\/wp\/v2\/pages\/2613\/revisions\/2665"}],"wp:attachment":[{"href":"http:\/\/www.aam.ch\/fr\/wp-json\/wp\/v2\/media?parent=2613"}],"curies":[{"name":"wp","href":"https:\/\/api.w.org\/{rel}","templated":true}]}}