{"id":2446,"date":"2024-05-21T13:53:55","date_gmt":"2024-05-21T11:53:55","guid":{"rendered":"https:\/\/www.aam.ch\/?page_id=2446"},"modified":"2024-05-21T13:53:55","modified_gmt":"2024-05-21T11:53:55","slug":"enfoque","status":"publish","type":"page","link":"https:\/\/www.aam.ch\/es\/enfoque\/","title":{"rendered":"Enfoque"},"content":{"rendered":"<div class=\"wpb-content-wrapper\"><p>[vc_row unlock_row_content=\u00bbyes\u00bb row_height_percent=\u00bb0&#8243; back_image=\u00bb64&#8243; back_repeat=\u00bbno-repeat\u00bb overlay_alpha=\u00bb50&#8243; gutter_size=\u00bb3&#8243; column_width_percent=\u00bb100&#8243; shift_y=\u00bb0&#8243; z_index=\u00bb0&#8243;][vc_column column_width_percent=\u00bb90&#8243; style=\u00bblight\u00bb overlay_alpha=\u00bb50&#8243; gutter_size=\u00bb3&#8243; medium_width=\u00bb0&#8243; mobile_width=\u00bb0&#8243; shift_x=\u00bb0&#8243; shift_y=\u00bb0&#8243; shift_y_down=\u00bb0&#8243; z_index=\u00bb0&#8243; width=\u00bb1\/1&#8243;][vc_empty_space empty_h=\u00bb2&#8243;][vc_custom_heading heading_semantic=\u00bbh1&#8243; text_size=\u00bbh1&#8243; text_color=\u00bbcolor-xsdn\u00bb]Orientado a objetivos,<br \/>\nAgil y flexible,<br \/>\nY estrat\u00e9gicamente posicionado.<br \/>\n[\/vc_custom_heading][vc_single_image media=\u00bb61&#8243; media_width_use_pixel=\u00bbyes\u00bb media_width_pixel=\u00bb150&#8243;][vc_empty_space empty_h=\u00bb3&#8243;][\/vc_column][\/vc_row][vc_row][vc_column width=\u00bb1\/1&#8243;][vc_empty_space empty_h=\u00bb2&#8243;][vc_custom_heading]Nuestra filosof\u00eda de inversi\u00f3n[\/vc_custom_heading][vc_single_image media=\u00bb60&#8243; media_width_use_pixel=\u00bbyes\u00bb media_width_pixel=\u00bb150&#8243;][\/vc_column][\/vc_row][vc_row][vc_column width=\u00bb1\/1&#8243;][vc_column_text]<\/p>\n<div class=\"page\" title=\"Page 2\">\n<div class=\"section\">\n<div class=\"layoutArea\">\n<div class=\"column\">\n<p><strong>Valor relativo<\/strong><br \/>\nBas\u00e1ndonos en circunstancias y caracter\u00edsticas espec\u00edficas, buscamos inversiones que el mercado considera m\u00e1s arriesgadas de lo que realmente son. De este modo, conseguimos una rentabilidad adicional sin asumir m\u00e1s riesgo.<\/p>\n<p><strong>Aprovechar las ineficiencias del mercado<\/strong><br \/>\nLas discrepancias surgen de las opiniones de las agencias de calificaci\u00f3n, que son vinculantes para los inversores en inversiones de renta fija. Aprovechamos las ventajas resultantes.<\/p>\n<p><strong>Pragm\u00e1tico y oportunista<\/strong><br \/>\nEl valor a\u00f1adido se genera a trav\u00e9s de inversiones independientes de los \u00edndices en ideas de \u00abalta convicci\u00f3n\u00bb, acompa\u00f1adas de una rigurosa gesti\u00f3n del riesgo y directrices de inversi\u00f3n claras.<\/p>\n<\/div>\n<\/div>\n<\/div>\n<\/div>\n<p>[\/vc_column_text][vc_empty_space empty_h=\u00bb2&#8243;][\/vc_column][\/vc_row]<\/p>\n<\/div>","protected":false},"excerpt":{"rendered":"<p>[vc_row unlock_row_content=\u00bbyes\u00bb row_height_percent=\u00bb0&#8243; back_image=\u00bb64&#8243; back_repeat=\u00bbno-repeat\u00bb overlay_alpha=\u00bb50&#8243; gutter_size=\u00bb3&#8243; column_width_percent=\u00bb100&#8243; shift_y=\u00bb0&#8243; z_index=\u00bb0&#8243;][vc_column column_width_percent=\u00bb90&#8243; style=\u00bblight\u00bb overlay_alpha=\u00bb50&#8243; gutter_size=\u00bb3&#8243; medium_width=\u00bb0&#8243; mobile_width=\u00bb0&#8243; shift_x=\u00bb0&#8243; shift_y=\u00bb0&#8243; shift_y_down=\u00bb0&#8243; z_index=\u00bb0&#8243; [&hellip;]<\/p>\n","protected":false},"author":1,"featured_media":0,"parent":0,"menu_order":0,"comment_status":"closed","ping_status":"closed","template":"","meta":{"footnotes":""},"_links":{"self":[{"href":"https:\/\/www.aam.ch\/es\/wp-json\/wp\/v2\/pages\/2446"}],"collection":[{"href":"https:\/\/www.aam.ch\/es\/wp-json\/wp\/v2\/pages"}],"about":[{"href":"https:\/\/www.aam.ch\/es\/wp-json\/wp\/v2\/types\/page"}],"author":[{"embeddable":true,"href":"https:\/\/www.aam.ch\/es\/wp-json\/wp\/v2\/users\/1"}],"replies":[{"embeddable":true,"href":"https:\/\/www.aam.ch\/es\/wp-json\/wp\/v2\/comments?post=2446"}],"version-history":[{"count":1,"href":"https:\/\/www.aam.ch\/es\/wp-json\/wp\/v2\/pages\/2446\/revisions"}],"predecessor-version":[{"id":2448,"href":"https:\/\/www.aam.ch\/es\/wp-json\/wp\/v2\/pages\/2446\/revisions\/2448"}],"wp:attachment":[{"href":"https:\/\/www.aam.ch\/es\/wp-json\/wp\/v2\/media?parent=2446"}],"curies":[{"name":"wp","href":"https:\/\/api.w.org\/{rel}","templated":true}]}}