{"id":2442,"date":"2024-05-21T13:50:29","date_gmt":"2024-05-21T11:50:29","guid":{"rendered":"https:\/\/www.aam.ch\/?page_id=2442"},"modified":"2024-05-21T14:08:40","modified_gmt":"2024-05-21T12:08:40","slug":"approche","status":"publish","type":"page","link":"https:\/\/www.aam.ch\/fr\/approche\/","title":{"rendered":"Approche d\u2019investissement"},"content":{"rendered":"<div class=\"wpb-content-wrapper\"><p>[vc_row unlock_row_content=\u00a0\u00bbyes\u00a0\u00bb row_height_percent=\u00a0\u00bb0&Prime; back_image=\u00a0\u00bb64&Prime; back_repeat=\u00a0\u00bbno-repeat\u00a0\u00bb overlay_alpha=\u00a0\u00bb50&Prime; gutter_size=\u00a0\u00bb3&Prime; column_width_percent=\u00a0\u00bb100&Prime; shift_y=\u00a0\u00bb0&Prime; z_index=\u00a0\u00bb0&Prime;][vc_column column_width_percent=\u00a0\u00bb90&Prime; style=\u00a0\u00bblight\u00a0\u00bb overlay_alpha=\u00a0\u00bb50&Prime; gutter_size=\u00a0\u00bb3&Prime; medium_width=\u00a0\u00bb0&Prime; mobile_width=\u00a0\u00bb0&Prime; shift_x=\u00a0\u00bb0&Prime; shift_y=\u00a0\u00bb0&Prime; shift_y_down=\u00a0\u00bb0&Prime; z_index=\u00a0\u00bb0&Prime; width=\u00a0\u00bb1\/1&Prime;][vc_empty_space empty_h=\u00a0\u00bb2&Prime;][vc_custom_heading heading_semantic=\u00a0\u00bbh1&Prime; text_size=\u00a0\u00bbh1&Prime; text_color=\u00a0\u00bbcolor-xsdn\u00a0\u00bb]Toujours tourn\u00e9 vers les objectifs,<br \/>\nFlexible,<br \/>\nEt strat\u00e9giquement positionn\u00e9.<br \/>\n[\/vc_custom_heading][vc_single_image media=\u00a0\u00bb61&Prime; media_width_use_pixel=\u00a0\u00bbyes\u00a0\u00bb media_width_pixel=\u00a0\u00bb150&Prime;][vc_empty_space empty_h=\u00a0\u00bb3&Prime;][\/vc_column][\/vc_row][vc_row][vc_column width=\u00a0\u00bb1\/1&Prime;][vc_empty_space empty_h=\u00a0\u00bb2&Prime;][vc_custom_heading]Notre philosophie d\u2019investissement[\/vc_custom_heading][vc_single_image media=\u00a0\u00bb60&Prime; media_width_use_pixel=\u00a0\u00bbyes\u00a0\u00bb media_width_pixel=\u00a0\u00bb150&Prime;][\/vc_column][\/vc_row][vc_row][vc_column width=\u00a0\u00bb1\/1&Prime;][vc_column_text]<\/p>\n<div class=\"page\" title=\"Page 2\">\n<div class=\"section\">\n<div class=\"layoutArea\">\n<div class=\"column\">\n<p><strong>Valeur relative<\/strong><br \/>\nSur la base de circonstances et caract\u00e9ristiques sp\u00e9cifiques, nous recherchons des investissements jug\u00e9s plus risqu\u00e9s par le march\u00e9 qu&rsquo;ils ne le sont en r\u00e9alit\u00e9. De cette mani\u00e8re, nous g\u00e9n\u00e9rons un rendement suppl\u00e9mentaire sans pour autant prendre plus de risques.<\/p>\n<p><strong>Exploiter les inefficiences du march\u00e9<\/strong><br \/>\nLes opinions des agences de notation, contraignantes pour les investisseurs en placements obligataires, donnent lieu \u00e0 des divergences. Nous profitons des avantages qui en r\u00e9sultent.<\/p>\n<p><strong>Pragmatique et opportuniste<\/strong><br \/>\nNous g\u00e9n\u00e9rons de la valeur en investissant dans des id\u00e9es \u00e0 forte conviction, ind\u00e9pendamment des indices, avec une gestion des risques rigoureuse et des r\u00e8gles d&rsquo;investissement claires.<\/p>\n<\/div>\n<\/div>\n<\/div>\n<\/div>\n<p>[\/vc_column_text][vc_empty_space empty_h=\u00a0\u00bb2&Prime;][\/vc_column][\/vc_row]<\/p>\n<\/div>","protected":false},"excerpt":{"rendered":"<p>[vc_row unlock_row_content=\u00a0\u00bbyes\u00a0\u00bb row_height_percent=\u00a0\u00bb0&Prime; back_image=\u00a0\u00bb64&Prime; back_repeat=\u00a0\u00bbno-repeat\u00a0\u00bb overlay_alpha=\u00a0\u00bb50&Prime; gutter_size=\u00a0\u00bb3&Prime; column_width_percent=\u00a0\u00bb100&Prime; shift_y=\u00a0\u00bb0&Prime; z_index=\u00a0\u00bb0&Prime;][vc_column column_width_percent=\u00a0\u00bb90&Prime; style=\u00a0\u00bblight\u00a0\u00bb overlay_alpha=\u00a0\u00bb50&Prime; gutter_size=\u00a0\u00bb3&Prime; medium_width=\u00a0\u00bb0&Prime; mobile_width=\u00a0\u00bb0&Prime; shift_x=\u00a0\u00bb0&Prime; shift_y=\u00a0\u00bb0&Prime; shift_y_down=\u00a0\u00bb0&Prime; z_index=\u00a0\u00bb0&Prime; [&hellip;]<\/p>\n","protected":false},"author":1,"featured_media":0,"parent":0,"menu_order":0,"comment_status":"closed","ping_status":"closed","template":"","meta":{"footnotes":""},"_links":{"self":[{"href":"https:\/\/www.aam.ch\/fr\/wp-json\/wp\/v2\/pages\/2442"}],"collection":[{"href":"https:\/\/www.aam.ch\/fr\/wp-json\/wp\/v2\/pages"}],"about":[{"href":"https:\/\/www.aam.ch\/fr\/wp-json\/wp\/v2\/types\/page"}],"author":[{"embeddable":true,"href":"https:\/\/www.aam.ch\/fr\/wp-json\/wp\/v2\/users\/1"}],"replies":[{"embeddable":true,"href":"https:\/\/www.aam.ch\/fr\/wp-json\/wp\/v2\/comments?post=2442"}],"version-history":[{"count":3,"href":"https:\/\/www.aam.ch\/fr\/wp-json\/wp\/v2\/pages\/2442\/revisions"}],"predecessor-version":[{"id":2454,"href":"https:\/\/www.aam.ch\/fr\/wp-json\/wp\/v2\/pages\/2442\/revisions\/2454"}],"wp:attachment":[{"href":"https:\/\/www.aam.ch\/fr\/wp-json\/wp\/v2\/media?parent=2442"}],"curies":[{"name":"wp","href":"https:\/\/api.w.org\/{rel}","templated":true}]}}